{"id":198,"date":"2018-08-18T12:58:54","date_gmt":"2018-08-18T11:58:54","guid":{"rendered":"http:\/\/dns.uwevoigt.de\/wordpress\/?page_id=198"},"modified":"2018-09-13T13:23:45","modified_gmt":"2018-09-13T12:23:45","slug":"frank-de-kok-freischaffender-architekt","status":"publish","type":"page","link":"https:\/\/www.uwevoigt.de\/wordpress\/team\/frank-de-kok-freischaffender-architekt\/","title":{"rendered":"Frank de Kok, freischaffender Architekt"},"content":{"rendered":"<p><img decoding=\"async\" loading=\"lazy\" class=\"alignnone wp-image-265 size-full\" src=\"http:\/\/dns.uwevoigt.de\/wordpress\/wp-content\/uploads\/2018\/09\/Frank500x500.jpg\" alt=\"Frank de Kok\" width=\"500\" height=\"500\" srcset=\"https:\/\/www.uwevoigt.de\/wordpress\/wp-content\/uploads\/2018\/09\/Frank500x500.jpg 500w, https:\/\/www.uwevoigt.de\/wordpress\/wp-content\/uploads\/2018\/09\/Frank500x500-420x420.jpg 420w\" sizes=\"(max-width: 500px) 100vw, 500px\" \/><\/p>\n<p>E-Mail: <a href=\"mailto: dekok@uwevoigt.de\">dekok[at]uwevoigt.de<\/a><\/p>\n<table>\n<tbody>\n<tr>\n<td>1966<\/td>\n<td>geboren in Almelo, Niederlande<\/td>\n<\/tr>\n<tr>\n<td>1985-1990<\/td>\n<td>Hochschule der K\u00fcnste Utrecht, Niederlande, Studium der Innenarchitektur<\/td>\n<\/tr>\n<tr>\n<td>1990-1994<\/td>\n<td>TU Delft, Niederlande, Studium der Architektur, Abschluss Diplom<\/td>\n<\/tr>\n<tr>\n<td>1995-1997<\/td>\n<td>Mitarbeiter bei Kahlfeldt Architekten, Berlin<\/td>\n<\/tr>\n<tr>\n<td>seit 1997<\/td>\n<td>Freischaffender Architekt, dekokarchitekten, Berlin<\/td>\n<\/tr>\n<tr>\n<td>seit 2010<\/td>\n<td>Sicherheits- und Gesundheitskoordinator (SIGEKO)<\/td>\n<\/tr>\n<tr>\n<td><\/td>\n<td>Arbeiten f\u00fcr:<\/p>\n<p>Prinz von Preu\u00dfen Grundbesitz AG,<\/p>\n<p>Architekturb\u00fcro Voigt,<\/p>\n<p>F101 Architekten,<\/p>\n<p>Peters und Wormuth Architekten,<\/p>\n<p>GaussArchitekten,<\/p>\n<p>Haasch Architekten<\/td>\n<\/tr>\n<tr>\n<td>weitere Info:<\/td>\n<td><a href=\"http:\/\/www.dekok.de\" target=\"_blank\" rel=\"noopener\">www.dekok.de<\/a><\/td>\n<\/tr>\n<\/tbody>\n<\/table>\n","protected":false},"excerpt":{"rendered":"<p>E-Mail: dekok[at]uwevoigt.de 1966 geboren in Almelo, Niederlande 1985-1990 Hochschule der K\u00fcnste Utrecht, Niederlande, Studium der Innenarchitektur 1990-1994 TU Delft, Niederlande, Studium der Architektur, Abschluss Diplom 1995-1997 Mitarbeiter bei Kahlfeldt Architekten, Berlin seit 1997 Freischaffender Architekt, dekokarchitekten, Berlin seit 2010 Sicherheits- und Gesundheitskoordinator (SIGEKO) Arbeiten f\u00fcr: Prinz von Preu\u00dfen Grundbesitz AG, Architekturb\u00fcro Voigt, F101 Architekten, Peters und Wormuth Architekten, GaussArchitekten, Haasch Architekten weitere Info: www.dekok.de<\/p>\n","protected":false},"author":1,"featured_media":0,"parent":156,"menu_order":0,"comment_status":"closed","ping_status":"closed","template":"","meta":[],"_links":{"self":[{"href":"https:\/\/www.uwevoigt.de\/wordpress\/wp-json\/wp\/v2\/pages\/198"}],"collection":[{"href":"https:\/\/www.uwevoigt.de\/wordpress\/wp-json\/wp\/v2\/pages"}],"about":[{"href":"https:\/\/www.uwevoigt.de\/wordpress\/wp-json\/wp\/v2\/types\/page"}],"author":[{"embeddable":true,"href":"https:\/\/www.uwevoigt.de\/wordpress\/wp-json\/wp\/v2\/users\/1"}],"replies":[{"embeddable":true,"href":"https:\/\/www.uwevoigt.de\/wordpress\/wp-json\/wp\/v2\/comments?post=198"}],"version-history":[{"count":10,"href":"https:\/\/www.uwevoigt.de\/wordpress\/wp-json\/wp\/v2\/pages\/198\/revisions"}],"predecessor-version":[{"id":408,"href":"https:\/\/www.uwevoigt.de\/wordpress\/wp-json\/wp\/v2\/pages\/198\/revisions\/408"}],"up":[{"embeddable":true,"href":"https:\/\/www.uwevoigt.de\/wordpress\/wp-json\/wp\/v2\/pages\/156"}],"wp:attachment":[{"href":"https:\/\/www.uwevoigt.de\/wordpress\/wp-json\/wp\/v2\/media?parent=198"}],"curies":[{"name":"wp","href":"https:\/\/api.w.org\/{rel}","templated":true}]}}