{"id":4,"date":"2016-12-27T21:15:36","date_gmt":"2016-12-27T19:15:36","guid":{"rendered":"http:\/\/192.168.1.200\/wordpress\/?page_id=4"},"modified":"2026-03-16T19:55:03","modified_gmt":"2026-03-16T18:55:03","slug":"impressum","status":"publish","type":"page","link":"https:\/\/www.uwevoigt.de\/wordpress\/impressum\/","title":{"rendered":"Impressum"},"content":{"rendered":"<h5>Herausgeber<\/h5>\n<p>Verantwortlich f\u00fcr diese Seite ist der Inhaber, Dipl.-Ing. Uwe P. Voigt, freischaffender Architekt. Mitglied der Architektenkammer Berlin.<\/p>\n<p>Dipl.-Ing. Uwe P. Voigt<br \/>\nArchitekturb\u00fcro Voigt<br \/>\nGo\u00dflerstra\u00dfe 24<br \/>\nD-12161 Berlin<\/p>\n<p>F. +49.(0)30.78 89 07 89<\/p>\n<p>eMail\u00a0<a href=\"mailto:info@uwevoigt.de\">info@uwevoigt.de<\/a><\/p>\n<p>WEB\u00a0<a href=\"http:\/\/www.uwevoigt.de\/\">www.uwevoigt.de<\/a><\/p>\n<h5>Aufsichtsbeh\u00f6rde<\/h5>\n<p>Architektenkammer Berlin<br \/>\nAlte Jakobstra\u00dfe 149<br \/>\n10969 Berlin<br \/>\n(030) 29 33 07-0<br \/>\nkammer@ak-berlin.de<\/p>\n<h5>Rechtliche Hinweise<\/h5>\n<p>Die in dieser Website enthaltenen Textbeitr\u00e4ge und Abbildungen sind urheberrechtlich gesch\u00fctzt. Eine Vervielf\u00e4ltigung und Verbreitung des Auftritts oder der Inhalte einzelner Seiten darf nur mit Genehmigung der Copyright-Inhaber vorgenommen werden.<\/p>\n<p>Alle Angaben auf unseren Internetseiten wurden sorgf\u00e4ltig gepr\u00fcft. Der Herausgeber \u00fcbernimmt jedoch keine Garantie f\u00fcr die Vollst\u00e4ndigkeit und Richtigkeit der ver\u00f6ffentlichten Inhalte. Eine Haftung f\u00fcr inhaltliche Fehler und eventuell daraus resultierende Sch\u00e4den wird, soweit rechtlich zul\u00e4ssig, ausgeschlossen.<\/p>\n<p>Gleiches gilt f\u00fcr die Verweise auf andere Internetseiten durch externe Links. F\u00fcr den Inhalt dieser Seiten sind ausschlie\u00dflich deren Betreiber verantwortlich. Der Herausgeber hat keinerlei Einfluss auf die Gestaltung der aktiv oder passiv verlinkten Internetseiten und distanziert sich ausdr\u00fccklich von dort aufgef\u00fchrten Inhalten, insbesondere wenn sie trotz unserer \u00dcberpr\u00fcfungen gegen geltendes Recht oder die guten Sitten versto\u00dfen sollten.<\/p>\n<p>Die verschiedenen B\u00fcros\u00a0 arbeiten bei vielen Projekten als Planer und Subplaner zusammen. Jedes B\u00fcro ist f\u00fcr sich unabh\u00e4ngig. Vertr\u00e4ge werden unter den entsprechenden \u00f6rtlichen Gesetzen abgeschlossen. Deshalb liegt sowohl die Verantwortung, als auch Haftbarkeit ausschlie\u00dflich bei dem jeweiligen B\u00fcro.<\/p>\n<h5>Kooperationspartner<\/h5>\n<p>dekok.ARCHITEKTEN, Berlin<\/p>\n<p>Dubois Muhler Neitzke Architekten + Ingenieure, Berlin<\/p>\n<p>F101 Architekten, Berlin<\/p>\n<p>Ingenieurb\u00fcro R\u00fcdiger Jockwer GmbH, Berlin<\/p>\n<p>Ingenieurgemeinschaft Fiessinger &amp; Dumke, Berlin<\/p>\n<p>Peters und Wormuth Architekten, Berlin<\/p>\n<p>SHAU Netherlands, Rotterdam<\/p>\n","protected":false},"excerpt":{"rendered":"<p>Herausgeber Verantwortlich f\u00fcr diese Seite ist der Inhaber, Dipl.-Ing. Uwe P. Voigt, freischaffender Architekt. Mitglied der Architektenkammer Berlin. Dipl.-Ing. Uwe P. Voigt Architekturb\u00fcro Voigt Go\u00dflerstra\u00dfe 24 D-12161 Berlin F. +49.(0)30.78 89 07 89 eMail\u00a0info@uwevoigt.de WEB\u00a0www.uwevoigt.de Aufsichtsbeh\u00f6rde Architektenkammer Berlin Alte Jakobstra\u00dfe 149 10969 Berlin (030) 29 33 07-0 kammer@ak-berlin.de Rechtliche Hinweise Die in dieser Website enthaltenen Textbeitr\u00e4ge und Abbildungen sind urheberrechtlich gesch\u00fctzt. Eine Vervielf\u00e4ltigung und Verbreitung des Auftritts oder der Inhalte einzelner Seiten darf nur mit Genehmigung der Copyright-Inhaber vorgenommen werden.<a class=\"more-link\" href=\"https:\/\/www.uwevoigt.de\/wordpress\/impressum\/\"><span>Weiterlesen<\/span><\/a><\/p>\n","protected":false},"author":1,"featured_media":0,"parent":0,"menu_order":0,"comment_status":"closed","ping_status":"closed","template":"","meta":[],"_links":{"self":[{"href":"https:\/\/www.uwevoigt.de\/wordpress\/wp-json\/wp\/v2\/pages\/4"}],"collection":[{"href":"https:\/\/www.uwevoigt.de\/wordpress\/wp-json\/wp\/v2\/pages"}],"about":[{"href":"https:\/\/www.uwevoigt.de\/wordpress\/wp-json\/wp\/v2\/types\/page"}],"author":[{"embeddable":true,"href":"https:\/\/www.uwevoigt.de\/wordpress\/wp-json\/wp\/v2\/users\/1"}],"replies":[{"embeddable":true,"href":"https:\/\/www.uwevoigt.de\/wordpress\/wp-json\/wp\/v2\/comments?post=4"}],"version-history":[{"count":9,"href":"https:\/\/www.uwevoigt.de\/wordpress\/wp-json\/wp\/v2\/pages\/4\/revisions"}],"predecessor-version":[{"id":517,"href":"https:\/\/www.uwevoigt.de\/wordpress\/wp-json\/wp\/v2\/pages\/4\/revisions\/517"}],"wp:attachment":[{"href":"https:\/\/www.uwevoigt.de\/wordpress\/wp-json\/wp\/v2\/media?parent=4"}],"curies":[{"name":"wp","href":"https:\/\/api.w.org\/{rel}","templated":true}]}}